{"id":3715,"date":"2023-03-31T12:46:54","date_gmt":"2023-03-31T12:46:54","guid":{"rendered":"https:\/\/iitp.org\/?page_id=3715"},"modified":"2025-10-29T00:53:10","modified_gmt":"2025-10-29T00:53:10","slug":"estudo-do-uso-da-invel-actiive-insole-na-reducao-da-dor-muscular-e-cansaco-fisico-em-colaboradores-da-guarda-municipal-de-guarulhos","status":"publish","type":"page","link":"https:\/\/iitp.org\/pt-br\/estudo-do-uso-da-invel-actiive-insole-na-reducao-da-dor-muscular-e-cansaco-fisico-em-colaboradores-da-guarda-municipal-de-guarulhos\/","title":{"rendered":"ESTUDO DO USO DA INVEL\u00ae ACTIIVE INSOLE NA REDU\u00c7\u00c3O DA DOR MUSCULAR E CANSA\u00c7O F\u00cdSICO EM COLABORADORES DA GUARDA MUNICIPAL DE GUARULHOS"},"content":{"rendered":"","protected":false},"excerpt":{"rendered":"","protected":false},"author":1,"featured_media":0,"parent":0,"menu_order":0,"comment_status":"closed","ping_status":"closed","template":"","meta":{"footnotes":""},"class_list":["post-3715","page","type-page","status-publish","hentry"],"_links":{"self":[{"href":"https:\/\/iitp.org\/pt-br\/wp-json\/wp\/v2\/pages\/3715","targetHints":{"allow":["GET"]}}],"collection":[{"href":"https:\/\/iitp.org\/pt-br\/wp-json\/wp\/v2\/pages"}],"about":[{"href":"https:\/\/iitp.org\/pt-br\/wp-json\/wp\/v2\/types\/page"}],"author":[{"embeddable":true,"href":"https:\/\/iitp.org\/pt-br\/wp-json\/wp\/v2\/users\/1"}],"replies":[{"embeddable":true,"href":"https:\/\/iitp.org\/pt-br\/wp-json\/wp\/v2\/comments?post=3715"}],"version-history":[{"count":3,"href":"https:\/\/iitp.org\/pt-br\/wp-json\/wp\/v2\/pages\/3715\/revisions"}],"predecessor-version":[{"id":4847,"href":"https:\/\/iitp.org\/pt-br\/wp-json\/wp\/v2\/pages\/3715\/revisions\/4847"}],"wp:attachment":[{"href":"https:\/\/iitp.org\/pt-br\/wp-json\/wp\/v2\/media?parent=3715"}],"curies":[{"name":"wp","href":"https:\/\/api.w.org\/{rel}","templated":true}]}}