{"id":3710,"date":"2023-03-31T12:40:15","date_gmt":"2023-03-31T12:40:15","guid":{"rendered":"https:\/\/iitp.org\/?page_id=3710"},"modified":"2025-10-29T00:52:06","modified_gmt":"2025-10-29T00:52:06","slug":"estudo-clinico-randomizado-duplo-cego-de-avaliacao-da-melhora-da-lipodistrofiaginoide-celulite-com-o-uso-da-bermuda-invel-actiive-shorts-com-tecnologia-invel","status":"publish","type":"page","link":"https:\/\/iitp.org\/pt-br\/estudo-clinico-randomizado-duplo-cego-de-avaliacao-da-melhora-da-lipodistrofiaginoide-celulite-com-o-uso-da-bermuda-invel-actiive-shorts-com-tecnologia-invel\/","title":{"rendered":"ESTUDO CL\u00cdNICO RANDOMIZADO, DUPLO-CEGO, DE AVALIA\u00c7\u00c3O DA MELHORA DA LIPODISTROFIAGIN\u00d3IDE (CELULITE) COM O USO DA BERMUDA INVEL\u00ae ACTIIVE SHORTS COM TECNOLOGIA INVEL\u00ae"},"content":{"rendered":"","protected":false},"excerpt":{"rendered":"","protected":false},"author":1,"featured_media":0,"parent":0,"menu_order":0,"comment_status":"closed","ping_status":"closed","template":"","meta":{"footnotes":""},"class_list":["post-3710","page","type-page","status-publish","hentry"],"_links":{"self":[{"href":"https:\/\/iitp.org\/pt-br\/wp-json\/wp\/v2\/pages\/3710","targetHints":{"allow":["GET"]}}],"collection":[{"href":"https:\/\/iitp.org\/pt-br\/wp-json\/wp\/v2\/pages"}],"about":[{"href":"https:\/\/iitp.org\/pt-br\/wp-json\/wp\/v2\/types\/page"}],"author":[{"embeddable":true,"href":"https:\/\/iitp.org\/pt-br\/wp-json\/wp\/v2\/users\/1"}],"replies":[{"embeddable":true,"href":"https:\/\/iitp.org\/pt-br\/wp-json\/wp\/v2\/comments?post=3710"}],"version-history":[{"count":5,"href":"https:\/\/iitp.org\/pt-br\/wp-json\/wp\/v2\/pages\/3710\/revisions"}],"predecessor-version":[{"id":4843,"href":"https:\/\/iitp.org\/pt-br\/wp-json\/wp\/v2\/pages\/3710\/revisions\/4843"}],"wp:attachment":[{"href":"https:\/\/iitp.org\/pt-br\/wp-json\/wp\/v2\/media?parent=3710"}],"curies":[{"name":"wp","href":"https:\/\/api.w.org\/{rel}","templated":true}]}}