{"id":3704,"date":"2023-03-31T12:35:47","date_gmt":"2023-03-31T12:35:47","guid":{"rendered":"https:\/\/iitp.org\/?page_id=3704"},"modified":"2025-10-29T00:53:04","modified_gmt":"2025-10-29T00:53:04","slug":"avaliacao-do-efeito-dos-tecidos-incorporados-com-bioceramica-mig3-invel-na-geracao-do-gasotransmissor-no-2","status":"publish","type":"page","link":"https:\/\/iitp.org\/pt-br\/avaliacao-do-efeito-dos-tecidos-incorporados-com-bioceramica-mig3-invel-na-geracao-do-gasotransmissor-no-2\/","title":{"rendered":"ESTUDO CONTROLADO, DUPLO-CEGO E RANDOMIZADO DE AVALIA\u00c7\u00c3O DA EFIC\u00c1CIA E SEGURAN\u00c7A DA INVEL\u00ae ACTIIVE SHIRT COM TECNOLOGIA INVEL\u00ae."},"content":{"rendered":"","protected":false},"excerpt":{"rendered":"","protected":false},"author":1,"featured_media":0,"parent":0,"menu_order":0,"comment_status":"closed","ping_status":"closed","template":"","meta":{"footnotes":""},"class_list":["post-3704","page","type-page","status-publish","hentry"],"_links":{"self":[{"href":"https:\/\/iitp.org\/pt-br\/wp-json\/wp\/v2\/pages\/3704","targetHints":{"allow":["GET"]}}],"collection":[{"href":"https:\/\/iitp.org\/pt-br\/wp-json\/wp\/v2\/pages"}],"about":[{"href":"https:\/\/iitp.org\/pt-br\/wp-json\/wp\/v2\/types\/page"}],"author":[{"embeddable":true,"href":"https:\/\/iitp.org\/pt-br\/wp-json\/wp\/v2\/users\/1"}],"replies":[{"embeddable":true,"href":"https:\/\/iitp.org\/pt-br\/wp-json\/wp\/v2\/comments?post=3704"}],"version-history":[{"count":4,"href":"https:\/\/iitp.org\/pt-br\/wp-json\/wp\/v2\/pages\/3704\/revisions"}],"predecessor-version":[{"id":4846,"href":"https:\/\/iitp.org\/pt-br\/wp-json\/wp\/v2\/pages\/3704\/revisions\/4846"}],"wp:attachment":[{"href":"https:\/\/iitp.org\/pt-br\/wp-json\/wp\/v2\/media?parent=3704"}],"curies":[{"name":"wp","href":"https:\/\/api.w.org\/{rel}","templated":true}]}}