{"id":3700,"date":"2023-03-31T12:31:40","date_gmt":"2023-03-31T12:31:40","guid":{"rendered":"https:\/\/iitp.org\/?page_id=3700"},"modified":"2025-10-29T00:53:13","modified_gmt":"2025-10-29T00:53:13","slug":"estudo-monocentrico-prospectivo-controlado-duplo-cego-e-randomizado-para-avaliacao-da-eficacia-e-seguranca-da-invel-actiive-glove-com-tecnologia-invel","status":"publish","type":"page","link":"https:\/\/iitp.org\/pt-br\/estudo-monocentrico-prospectivo-controlado-duplo-cego-e-randomizado-para-avaliacao-da-eficacia-e-seguranca-da-invel-actiive-glove-com-tecnologia-invel\/","title":{"rendered":"Estudo monoc\u00eantrico, prospectivo, controlado, duplo-cego e randomizado para avalia\u00e7\u00e3o da efic\u00e1cia e seguran\u00e7a da Invel\u00ae Actiive Glove com tecnologia Invel\u00ae."},"content":{"rendered":"","protected":false},"excerpt":{"rendered":"","protected":false},"author":1,"featured_media":0,"parent":0,"menu_order":0,"comment_status":"closed","ping_status":"closed","template":"","meta":{"footnotes":""},"class_list":["post-3700","page","type-page","status-publish","hentry"],"_links":{"self":[{"href":"https:\/\/iitp.org\/pt-br\/wp-json\/wp\/v2\/pages\/3700","targetHints":{"allow":["GET"]}}],"collection":[{"href":"https:\/\/iitp.org\/pt-br\/wp-json\/wp\/v2\/pages"}],"about":[{"href":"https:\/\/iitp.org\/pt-br\/wp-json\/wp\/v2\/types\/page"}],"author":[{"embeddable":true,"href":"https:\/\/iitp.org\/pt-br\/wp-json\/wp\/v2\/users\/1"}],"replies":[{"embeddable":true,"href":"https:\/\/iitp.org\/pt-br\/wp-json\/wp\/v2\/comments?post=3700"}],"version-history":[{"count":2,"href":"https:\/\/iitp.org\/pt-br\/wp-json\/wp\/v2\/pages\/3700\/revisions"}],"predecessor-version":[{"id":4848,"href":"https:\/\/iitp.org\/pt-br\/wp-json\/wp\/v2\/pages\/3700\/revisions\/4848"}],"wp:attachment":[{"href":"https:\/\/iitp.org\/pt-br\/wp-json\/wp\/v2\/media?parent=3700"}],"curies":[{"name":"wp","href":"https:\/\/api.w.org\/{rel}","templated":true}]}}