{"id":3690,"date":"2023-03-31T12:23:18","date_gmt":"2023-03-31T12:23:18","guid":{"rendered":"https:\/\/iitp.org\/?page_id=3690"},"modified":"2025-10-29T00:52:30","modified_gmt":"2025-10-29T00:52:30","slug":"avaliacao-do-efeito-dos-tecidos-incorporados-com-bioceramica-mig3-invel-na-geracao-do-gasotransmissor-no","status":"publish","type":"page","link":"https:\/\/iitp.org\/pt-br\/avaliacao-do-efeito-dos-tecidos-incorporados-com-bioceramica-mig3-invel-na-geracao-do-gasotransmissor-no\/","title":{"rendered":"AVALIA\u00c7\u00c3O DO EFEITO DOS TECIDOS INCORPORADOS COM BIOCER\u00c2MICA\u00ae MIG3\u00ae INVEL\u00ae, NA GERA\u00c7\u00c3O DO GASOTRANSMISSOR NO."},"content":{"rendered":"","protected":false},"excerpt":{"rendered":"","protected":false},"author":1,"featured_media":0,"parent":0,"menu_order":0,"comment_status":"closed","ping_status":"closed","template":"","meta":{"footnotes":""},"class_list":["post-3690","page","type-page","status-publish","hentry"],"_links":{"self":[{"href":"https:\/\/iitp.org\/pt-br\/wp-json\/wp\/v2\/pages\/3690","targetHints":{"allow":["GET"]}}],"collection":[{"href":"https:\/\/iitp.org\/pt-br\/wp-json\/wp\/v2\/pages"}],"about":[{"href":"https:\/\/iitp.org\/pt-br\/wp-json\/wp\/v2\/types\/page"}],"author":[{"embeddable":true,"href":"https:\/\/iitp.org\/pt-br\/wp-json\/wp\/v2\/users\/1"}],"replies":[{"embeddable":true,"href":"https:\/\/iitp.org\/pt-br\/wp-json\/wp\/v2\/comments?post=3690"}],"version-history":[{"count":5,"href":"https:\/\/iitp.org\/pt-br\/wp-json\/wp\/v2\/pages\/3690\/revisions"}],"predecessor-version":[{"id":4844,"href":"https:\/\/iitp.org\/pt-br\/wp-json\/wp\/v2\/pages\/3690\/revisions\/4844"}],"wp:attachment":[{"href":"https:\/\/iitp.org\/pt-br\/wp-json\/wp\/v2\/media?parent=3690"}],"curies":[{"name":"wp","href":"https:\/\/api.w.org\/{rel}","templated":true}]}}