{"id":3668,"date":"2022-12-04T23:20:08","date_gmt":"2022-12-04T23:20:08","guid":{"rendered":"http:\/\/iitp.org\/a-bioceramica-mig3\/"},"modified":"2022-12-04T23:20:08","modified_gmt":"2022-12-04T23:20:08","slug":"a-bioceramica-mig3","status":"publish","type":"page","link":"https:\/\/iitp.org\/pt-br\/a-bioceramica-mig3\/","title":{"rendered":"A Biocer\u00e2mica MIG3"},"content":{"rendered":"<div id=\"infinite-page-wrapper\" class=\"infinite-page-wrapper\">\n<div class=\"infinite-content-container infinite-container\">\n<div class=\"infinite-content-area infinite-item-pdlr infinite-sidebar-style-none clearfix\">\n<p>Bioceramic\u00ae MIG3\u00ae \u00e9 um irradiador de ondas electromagn\u00e9ticas dentro do espectro infravermelho, tornando-o uma ferramenta muito popular para reduzir medidas e melhorar a est\u00e9tica corporal. A combina\u00e7\u00e3o de componentes produz um composto cer\u00e2mico que irradia INFRARED ao estimular a fonte de calor. No Brasil, foi realizada investiga\u00e7\u00e3o e esta tecnologia foi aperfei\u00e7oada, fabricando equipamento e produtos de infravermelhos para tratamentos em cl\u00ednicas m\u00e9dicas e est\u00e9ticas.<\/p>\n<p>A Evolu\u00e7\u00e3o Tecnol\u00f3gica<\/p>\n<p>A descoberta e investiga\u00e7\u00e3o de novos materiais cer\u00e2micos tem guiado a ci\u00eancia dos materiais. Com isto, novos m\u00e9todos e procedimentos est\u00e3o a ser adoptados para optimizar certos processos tradicionais de industrializa\u00e7\u00e3o e tratamento de produtos. O objectivo \u00e9 obter melhores resultados nas diferentes propriedades e caracter\u00edsticas f\u00edsico-qu\u00edmicas destes novos materiais.<\/p>\n<p>Ap\u00f3s muitos anos de investiga\u00e7\u00e3o, foi descoberto o tamanho de part\u00edcula ideal para incorpora\u00e7\u00e3o nas fibras do tecido, a fim de obter a m\u00e1xima efici\u00eancia e distribui\u00e7\u00e3o uniforme nas respectivas fibras e em todo o tecido. Muitas pesquisas e investimentos s\u00e3o realizados continuamente para a produ\u00e7\u00e3o de vestu\u00e1rio de excelente qualidade, com um toque agrad\u00e1vel e confort\u00e1vel para que possa ser utilizado pelas pessoas no dia-a-dia.<\/p>\n<p>Como resultado destes estudos, a INVEL\u00ae desenvolveu Bioceramics\u00ae MIG3\u00ae, um composto inorg\u00e2nico, obtido a partir de misturas especiais controladas que reflectem o calor infravermelho irradiado pelo corpo humano, promovendo a sensa\u00e7\u00e3o de conforto e bem-estar das pessoas.<\/p>\n<p>Mesmo ap\u00f3s ter sido sujeito a 100 lavagens sucessivas, o tecido contendo as suas fibras incorporadas com Bioceramics\u00aeMIG3\u00ae mant\u00e9m todas as suas caracter\u00edsticas f\u00edsico-qu\u00edmicas iniciais. Isto acontece porque, ap\u00f3s a mistura inicial, homogeneiza\u00e7\u00e3o e incorpora\u00e7\u00e3o do composto cer\u00e2mico, o tecido \u00e9 submetido a um tratamento t\u00e9rmico exclusivo para fixar fortemente as part\u00edculas Bioceramics\u00ae MIG3\u00ae \u00e0s fibras t\u00eaxteis.<\/p>\n<p>Desenvolvimento da Incorpora\u00e7\u00e3o<\/p>\n<p>O IITP\u00ae desenvolveu formas inovadoras de incorporar Bioceramics\u00ae MIG3\u00ae uniformemente distribu\u00eddas numa escala microm\u00e9trica. Este processo oferece as seguintes vantagens:<\/p>\n<ol>\n<li>Melhor distribui\u00e7\u00e3o das fibras dentro das fibras;<\/li>\n<li>Maior conte\u00fado de part\u00edculas impregnadas por m2 de tecido;<\/li>\n<li>Fixa\u00e7\u00e3o das part\u00edculas no interior das fibras mais resistentes;<\/li>\n<li>Maior resist\u00eancia \u00e0 lavagem;<\/li>\n<\/ol>\n<p>Mecanismo de ac\u00e7\u00e3o<\/p>\n<p>Bioceramics\u00ae MIG3\u00ae irradia ondas infravermelhas de 3 a 14,8 \u00b5m de comprimento, ben\u00e9ficas para a sa\u00fade.<\/p>\n<p>As ondas ben\u00e9ficas do MIG3\u00ae estimulam a produ\u00e7\u00e3o de \u00f3xido n\u00edtrico (NO) nas c\u00e9lulas.<\/p>\n<p>O \u00f3xido n\u00edtrico (NO) aumenta o calibre dos vasos, melhorando assim a microcircula\u00e7\u00e3o sangu\u00ednea, trazendo diferentes benef\u00edcios para a sa\u00fade com o relaxamento muscular e o al\u00edvio da dor.<\/p>\n<\/div>\n<\/div>\n<\/div>\n<footer>\n<div class=\"infinite-footer-wrapper \">\n<div class=\"infinite-footer-container infinite-container clearfix\">\n<div class=\"infinite-footer-column infinite-item-pdlr infinite-column-15\">\n<div id=\"text-5\" class=\"widget widget_text infinite-widget\">\n<div class=\"textwidget\">\n<p>&nbsp;<\/p>\n<\/div>\n<\/div>\n<\/div>\n<\/div>\n<\/div>\n<\/footer>\n","protected":false},"excerpt":{"rendered":"<p>Bioceramic\u00ae MIG3\u00ae \u00e9 um irradiador de ondas electromagn\u00e9ticas dentro do espectro infravermelho, tornando-o uma ferramenta muito popular para reduzir medidas e melhorar a est\u00e9tica corporal. A combina\u00e7\u00e3o de componentes produz um composto cer\u00e2mico que irradia INFRARED ao estimular a fonte de calor. No Brasil, foi realizada investiga\u00e7\u00e3o e esta tecnologia foi aperfei\u00e7oada, fabricando equipamento e [&hellip;]<\/p>\n","protected":false},"author":1,"featured_media":0,"parent":0,"menu_order":0,"comment_status":"closed","ping_status":"closed","template":"","meta":{"footnotes":""},"class_list":["post-3668","page","type-page","status-publish","hentry"],"_links":{"self":[{"href":"https:\/\/iitp.org\/pt-br\/wp-json\/wp\/v2\/pages\/3668","targetHints":{"allow":["GET"]}}],"collection":[{"href":"https:\/\/iitp.org\/pt-br\/wp-json\/wp\/v2\/pages"}],"about":[{"href":"https:\/\/iitp.org\/pt-br\/wp-json\/wp\/v2\/types\/page"}],"author":[{"embeddable":true,"href":"https:\/\/iitp.org\/pt-br\/wp-json\/wp\/v2\/users\/1"}],"replies":[{"embeddable":true,"href":"https:\/\/iitp.org\/pt-br\/wp-json\/wp\/v2\/comments?post=3668"}],"version-history":[{"count":0,"href":"https:\/\/iitp.org\/pt-br\/wp-json\/wp\/v2\/pages\/3668\/revisions"}],"wp:attachment":[{"href":"https:\/\/iitp.org\/pt-br\/wp-json\/wp\/v2\/media?parent=3668"}],"curies":[{"name":"wp","href":"https:\/\/api.w.org\/{rel}","templated":true}]}}