{"id":3665,"date":"2022-12-04T23:11:32","date_gmt":"2022-12-04T23:11:32","guid":{"rendered":"http:\/\/iitp.org\/objectivos\/"},"modified":"2022-12-04T23:11:32","modified_gmt":"2022-12-04T23:11:32","slug":"objectivos","status":"publish","type":"page","link":"https:\/\/iitp.org\/pt-br\/objectivos\/","title":{"rendered":"Objectivos"},"content":{"rendered":"<div id=\"infinite-page-wrapper\" class=\"infinite-page-wrapper\">\n<div class=\"infinite-content-container infinite-container\">\n<div class=\"infinite-content-area infinite-item-pdlr infinite-sidebar-style-none clearfix\">\n<h1>As raz\u00f5es do trabalho constante<\/h1>\n<p>O IITP\u00ae tem prop\u00f3sitos e objectivos fundamentais:<\/p>\n<p>a) O objectivo do IITP <sup>\u00ae<\/sup> s\u00e3o estudos na \u00e1rea da sa\u00fade e bem-estar social, produzindo conhecimentos cient\u00edficos, desenvolvendo tecnologias, gerando produtos e formando recursos humanos, na \u00e1rea da aplica\u00e7\u00e3o de biomateriais para melhorar a qualidade de vida dos seres humanos;<\/p>\n<p>b) O IITP\u00ae visa promover estudos e investiga\u00e7\u00e3o, desenvolver tecnologias alternativas para aplica\u00e7\u00e3o em diferentes segmentos de mercado, produzir e divulgar informa\u00e7\u00f5es e conhecimentos t\u00e9cnicos e cient\u00edficos relacionados com a sa\u00fade e melhorar a qualidade de vida da popula\u00e7\u00e3o, investiga\u00e7\u00e3o e desenvolvimento de produtos para o ambiente e a ci\u00eancia;<\/p>\n<p>c) O IITP\u00ae divulgar\u00e1 a pr\u00e1tica das liga\u00e7\u00f5es entre Investigadores;<\/p>\n<p>d) IITP\u00ae promover\u00e1 actividades de integra\u00e7\u00e3o para Investigadores e\/ou Grupos de Investigadores, de diferentes empresas ou institui\u00e7\u00f5es, atrav\u00e9s de eventos, semin\u00e1rios, palestras, feiras, col\u00f3quios e cursos;<\/p>\n<p>e) O IITP\u00ae celebrar\u00e1 parcerias, conv\u00e9nios e\/ou interc\u00e2mbios, profissionais ou de informa\u00e7\u00e3o, com e entre Entidades, Institui\u00e7\u00f5es, Empresas, Organismos ou Organiza\u00e7\u00f5es P\u00fablicas ou Privadas, nacionais ou internacionais;<\/p>\n<p>f) O IITP\u00ae representar\u00e1 os seus membros, perante outras Institui\u00e7\u00f5es, Empresas, Ag\u00eancias \/ Ag\u00eancias P\u00fablicas ou Privadas, nacionais ou internacionais;<\/p>\n<p>g) O IITP\u00ae representar\u00e1 os seus membros, dentro ou fora do tribunal, e poder\u00e1 propor medidas judiciais ou extrajudiciais, em defesa dos seus interesses comuns;<\/p>\n<p>h) O IITP\u00ae pode promover actividades culturais, sociais, profissionais, desportivas e\/ou filantr\u00f3picas, visando a divulga\u00e7\u00e3o de novas investiga\u00e7\u00f5es e forma\u00e7\u00e3o t\u00e9cnica profissional, gratuitamente ou mediante o pagamento de uma taxa;<\/p>\n<p>i) ITTP  <sup>\u00ae<\/sup>  promover as suas actividades, visando a melhoria da qualidade de vida da popula\u00e7\u00e3o, produzindo e investindo no conhecimento cient\u00edfico, desenvolvendo tecnologias, investiga\u00e7\u00e3o cl\u00ednica atrav\u00e9s de parcerias, gerando produtos e servi\u00e7os, e tamb\u00e9m formando recursos humanos, com o objectivo de fazer do Brasil uma refer\u00eancia na \u00e1rea da tecnologia e aplica\u00e7\u00e3o de infravermelhos.<\/p>\n<\/div>\n<\/div>\n<\/div>\n<footer>\n<div class=\"infinite-footer-wrapper \">\n<div class=\"infinite-footer-container infinite-container clearfix\">\n<div class=\"infinite-footer-column infinite-item-pdlr infinite-column-15\">\n<div id=\"text-5\" class=\"widget widget_text infinite-widget\">\n<div class=\"textwidget\">\n<p>&nbsp;<\/p>\n<\/div>\n<\/div>\n<\/div>\n<\/div>\n<\/div>\n<\/footer>\n","protected":false},"excerpt":{"rendered":"<p>As raz\u00f5es do trabalho constante O IITP\u00ae tem prop\u00f3sitos e objectivos fundamentais: a) O objectivo do IITP \u00ae s\u00e3o estudos na \u00e1rea da sa\u00fade e bem-estar social, produzindo conhecimentos cient\u00edficos, desenvolvendo tecnologias, gerando produtos e formando recursos humanos, na \u00e1rea da aplica\u00e7\u00e3o de biomateriais para melhorar a qualidade de vida dos seres humanos; b) O [&hellip;]<\/p>\n","protected":false},"author":1,"featured_media":0,"parent":0,"menu_order":0,"comment_status":"closed","ping_status":"closed","template":"","meta":{"footnotes":""},"class_list":["post-3665","page","type-page","status-publish","hentry"],"_links":{"self":[{"href":"https:\/\/iitp.org\/pt-br\/wp-json\/wp\/v2\/pages\/3665","targetHints":{"allow":["GET"]}}],"collection":[{"href":"https:\/\/iitp.org\/pt-br\/wp-json\/wp\/v2\/pages"}],"about":[{"href":"https:\/\/iitp.org\/pt-br\/wp-json\/wp\/v2\/types\/page"}],"author":[{"embeddable":true,"href":"https:\/\/iitp.org\/pt-br\/wp-json\/wp\/v2\/users\/1"}],"replies":[{"embeddable":true,"href":"https:\/\/iitp.org\/pt-br\/wp-json\/wp\/v2\/comments?post=3665"}],"version-history":[{"count":0,"href":"https:\/\/iitp.org\/pt-br\/wp-json\/wp\/v2\/pages\/3665\/revisions"}],"wp:attachment":[{"href":"https:\/\/iitp.org\/pt-br\/wp-json\/wp\/v2\/media?parent=3665"}],"curies":[{"name":"wp","href":"https:\/\/api.w.org\/{rel}","templated":true}]}}