{"id":3663,"date":"2022-12-04T23:09:15","date_gmt":"2022-12-04T23:09:15","guid":{"rendered":"http:\/\/iitp.org\/iitp-activities\/"},"modified":"2022-12-05T00:41:13","modified_gmt":"2022-12-05T00:41:13","slug":"atividades-iitp","status":"publish","type":"page","link":"https:\/\/iitp.org\/pt-br\/atividades-iitp\/","title":{"rendered":"Atividades IITP"},"content":{"rendered":"<div id=\"infinite-page-wrapper\" class=\"infinite-page-wrapper\">\n<div class=\"infinite-content-container infinite-container\">\n<div class=\"infinite-content-area infinite-item-pdlr infinite-sidebar-style-none clearfix\">\n<p>a) A realiza\u00e7\u00e3o de estudos, pesquisas, produ\u00e7\u00e3o, divulga\u00e7\u00e3o e desenvolvimento de tecnologias do Infravermelho e as inova\u00e7\u00f5es tecnol\u00f3gicas obtidas em decorr\u00eancia do embasamento cl\u00ednico cient\u00edfico voltado para a finalidade da melhora da qualidade de vida das pessoas.<\/p>\n<p>b) A elabora\u00e7\u00e3o de projetos, planejamentos, organiza\u00e7\u00f5es e catalisa\u00e7\u00f5es de a\u00e7\u00f5es que colaborem com a defesa, a preserva\u00e7\u00e3o e a conserva\u00e7\u00e3o da imagem do Brasil como refer\u00eancia mundial da ci\u00eancia e da tecnologia do Infravermelho, do ambiente tecnol\u00f3gico brasileiro e do desenvolvimento sustent\u00e1vel por meio das inova\u00e7\u00f5es tecnol\u00f3gicas;<\/p>\n<p>c) A divulga\u00e7\u00e3o de informa\u00e7\u00f5es, conhecimentos t\u00e9cnicos e cient\u00edficos que promovam a cultura da inova\u00e7\u00e3o e novas pesquisas, por meio de congressos, simp\u00f3sios, eventos, atividades de treinamento, capacita\u00e7\u00e3o e atualiza\u00e7\u00e3o profissional, divulga\u00e7\u00e3o de mat\u00e9rias did\u00e1ticas t\u00e9cnico-cient\u00edficas por meio de edi\u00e7\u00e3o de jornais, revistas peri\u00f3dicas, newsletter e qualquer outro meio de comunica\u00e7\u00e3o visual, audiovisual e virtual, em quaisquer tipos de m\u00eddias;<\/p>\n<p>d) A participa\u00e7\u00e3o, a colabora\u00e7\u00e3o e o estabelecimento de parcerias, conv\u00eanios e\/ou interc\u00e2mbios entre institui\u00e7\u00f5es p\u00fablicas e privadas envolvidas com a pesquisa, desenvolvimento, educa\u00e7\u00e3o e tecnologia inerentes aos novos processos, produtos e aos servi\u00e7os;<\/p>\n<p>e) A contribui\u00e7\u00e3o e a integra\u00e7\u00e3o com empresas e\/ou institui\u00e7\u00f5es p\u00fablicas nas esferas federal, estadual e\/ou municipal, nacionais ou estrangeiras, institui\u00e7\u00f5es de pesquisas, universidades, institui\u00e7\u00f5es prestadoras de servi\u00e7os para pesquisas cl\u00ednicas e desenvolvimento de tecnologia;<\/p>\n<p>f) A realiza\u00e7\u00e3o de atividades para a capta\u00e7\u00e3o de recursos e arrecada\u00e7\u00e3o de valores para a Institui\u00e7\u00e3o.<\/p>\n<p>&nbsp;<\/p>\n<\/div>\n<\/div>\n<\/div>\n<footer>\n<div class=\"infinite-footer-wrapper \">\n<div class=\"infinite-footer-container infinite-container clearfix\">\n<div class=\"infinite-footer-column infinite-item-pdlr infinite-column-15\">\n<div id=\"text-5\" class=\"widget widget_text infinite-widget\">\n<div class=\"textwidget\">\n<p>&nbsp;<\/p>\n<\/div>\n<\/div>\n<\/div>\n<\/div>\n<\/div>\n<\/footer>\n","protected":false},"excerpt":{"rendered":"<p>a) A realiza\u00e7\u00e3o de estudos, pesquisas, produ\u00e7\u00e3o, divulga\u00e7\u00e3o e desenvolvimento de tecnologias do Infravermelho e as inova\u00e7\u00f5es tecnol\u00f3gicas obtidas em decorr\u00eancia do embasamento cl\u00ednico cient\u00edfico voltado para a finalidade da melhora da qualidade de vida das pessoas. b) A elabora\u00e7\u00e3o de projetos, planejamentos, organiza\u00e7\u00f5es e catalisa\u00e7\u00f5es de a\u00e7\u00f5es que colaborem com a defesa, a preserva\u00e7\u00e3o [&hellip;]<\/p>\n","protected":false},"author":1,"featured_media":0,"parent":0,"menu_order":0,"comment_status":"closed","ping_status":"closed","template":"","meta":{"footnotes":""},"class_list":["post-3663","page","type-page","status-publish","hentry"],"_links":{"self":[{"href":"https:\/\/iitp.org\/pt-br\/wp-json\/wp\/v2\/pages\/3663","targetHints":{"allow":["GET"]}}],"collection":[{"href":"https:\/\/iitp.org\/pt-br\/wp-json\/wp\/v2\/pages"}],"about":[{"href":"https:\/\/iitp.org\/pt-br\/wp-json\/wp\/v2\/types\/page"}],"author":[{"embeddable":true,"href":"https:\/\/iitp.org\/pt-br\/wp-json\/wp\/v2\/users\/1"}],"replies":[{"embeddable":true,"href":"https:\/\/iitp.org\/pt-br\/wp-json\/wp\/v2\/comments?post=3663"}],"version-history":[{"count":1,"href":"https:\/\/iitp.org\/pt-br\/wp-json\/wp\/v2\/pages\/3663\/revisions"}],"predecessor-version":[{"id":3664,"href":"https:\/\/iitp.org\/pt-br\/wp-json\/wp\/v2\/pages\/3663\/revisions\/3664"}],"wp:attachment":[{"href":"https:\/\/iitp.org\/pt-br\/wp-json\/wp\/v2\/media?parent=3663"}],"curies":[{"name":"wp","href":"https:\/\/api.w.org\/{rel}","templated":true}]}}