{"id":3660,"date":"2022-12-04T23:06:49","date_gmt":"2022-12-04T23:06:49","guid":{"rendered":"http:\/\/iitp.org\/acknowledgment\/"},"modified":"2022-12-05T00:38:47","modified_gmt":"2022-12-05T00:38:47","slug":"agradecimentos","status":"publish","type":"page","link":"https:\/\/iitp.org\/pt-br\/agradecimentos\/","title":{"rendered":"Agradecimentos"},"content":{"rendered":"<div class=\"infinite-content-container infinite-container\">\n<div class=\"infinite-content-area infinite-item-pdlr infinite-sidebar-style-none clearfix\">\n<p><strong>Agradecimentos aos m\u00e9dicos, profissionais da sa\u00fade e institui\u00e7\u00f5es pelo apoio para a inicia\u00e7\u00e3o dos trabalhos de investiga\u00e7\u00e3o da Tecnologia Invel\u00ae e origem do IITP\u00ae<\/strong><\/p>\n<p>\u2022Hospital das Cl\u00ednicas da Faculdade de Medicinade S\u00e3o Paulo \u2013 Grupo da Dor<br \/>\n\u2022Tokyo Metropolitan Hospital<br \/>\n\u2022Instituto do Sono<br \/>\n\u2022Ipen(Instituto de Pesquisas Energ\u00e9ticas e Nucleares)<br \/>\n\u2022Louisiannia State University<br \/>\n\u2022Setor de Investiga\u00e7\u00e3o de Doen\u00e7as Neuromuscularesda Universidade Federal de S\u00e3o Paulo (Unifesp)<br \/>\n\u2022Sociedade Brasileira de Pesquisa Cl\u00ednica<br \/>\n\u2022Universidade Federal de S\u00e3o Carlos (UFSCar)<br \/>\n\u2022Universidade de Campinas (Unicamp)<br \/>\n\u2022Universidade do Vale do Para\u00edba (Univap)<\/p>\n<p><strong>Fazendo do futuro, um presente<\/strong><\/p>\n<p>O desafio do IITP\u00ae ruma em dire\u00e7\u00e3o ao futuro, com o prop\u00f3sito de descobrir e comprovar solu\u00e7\u00f5es que possam contribuir para o avan\u00e7o da sociedade, da tecnologia e da ci\u00eancia.<\/p>\n<p>A sa\u00fade \u00e9 a fonte primeira para uma vida melhor, por isso, dedica\u00e7\u00e3o e empenho s\u00e3o os motores de seu corpo de profissionais e pesquisadores. Afinal, se viver \u00e9 um presente, o IITP\u00ae quer construir o hoje, aproximando o progresso do amanh\u00e3.<\/p>\n<\/div>\n<\/div>\n<div class=\"infinite-page-comment-container infinite-container\">\n<div class=\"infinite-page-comments infinite-item-pdlr\">\n<div id=\"comments\" class=\"infinite-comments-area\">\n<div id=\"respond\" class=\"comment-respond\"><\/div>\n<\/div>\n<\/div>\n<\/div>\n","protected":false},"excerpt":{"rendered":"<p>Agradecimentos aos m\u00e9dicos, profissionais da sa\u00fade e institui\u00e7\u00f5es pelo apoio para a inicia\u00e7\u00e3o dos trabalhos de investiga\u00e7\u00e3o da Tecnologia Invel\u00ae e origem do IITP\u00ae \u2022Hospital das Cl\u00ednicas da Faculdade de Medicinade S\u00e3o Paulo \u2013 Grupo da Dor \u2022Tokyo Metropolitan Hospital \u2022Instituto do Sono \u2022Ipen(Instituto de Pesquisas Energ\u00e9ticas e Nucleares) \u2022Louisiannia State University \u2022Setor de Investiga\u00e7\u00e3o [&hellip;]<\/p>\n","protected":false},"author":1,"featured_media":0,"parent":0,"menu_order":0,"comment_status":"closed","ping_status":"closed","template":"","meta":{"footnotes":""},"class_list":["post-3660","page","type-page","status-publish","hentry"],"_links":{"self":[{"href":"https:\/\/iitp.org\/pt-br\/wp-json\/wp\/v2\/pages\/3660","targetHints":{"allow":["GET"]}}],"collection":[{"href":"https:\/\/iitp.org\/pt-br\/wp-json\/wp\/v2\/pages"}],"about":[{"href":"https:\/\/iitp.org\/pt-br\/wp-json\/wp\/v2\/types\/page"}],"author":[{"embeddable":true,"href":"https:\/\/iitp.org\/pt-br\/wp-json\/wp\/v2\/users\/1"}],"replies":[{"embeddable":true,"href":"https:\/\/iitp.org\/pt-br\/wp-json\/wp\/v2\/comments?post=3660"}],"version-history":[{"count":1,"href":"https:\/\/iitp.org\/pt-br\/wp-json\/wp\/v2\/pages\/3660\/revisions"}],"predecessor-version":[{"id":3662,"href":"https:\/\/iitp.org\/pt-br\/wp-json\/wp\/v2\/pages\/3660\/revisions\/3662"}],"wp:attachment":[{"href":"https:\/\/iitp.org\/pt-br\/wp-json\/wp\/v2\/media?parent=3660"}],"curies":[{"name":"wp","href":"https:\/\/api.w.org\/{rel}","templated":true}]}}